{"id":13,"date":"2026-03-23T16:18:48","date_gmt":"2026-03-23T16:18:48","guid":{"rendered":"http:\/\/xdfjb.is\/?page_id=13"},"modified":"2026-04-10T14:07:37","modified_gmt":"2026-04-10T14:07:37","slug":"forsida","status":"publish","type":"page","link":"https:\/\/xdfjb.is\/en\/","title":{"rendered":"Homepage"},"content":{"rendered":"<div class=\"et_pb_section_0 et_pb_section et_section_regular et_flex_section et-pb-has-background-video et_pb_preload\"><span class=\"et-pb-background-video\"><video autoplay loop playsinline muted><source type=\"video\/mp4\" src=\"https:\/\/xdfjb.is\/wp-content\/uploads\/2026\/04\/XDFjardabyggd.mp4\" \/><\/video><\/span>\n<div class=\"et_pb_row_0 et_pb_row et_flex_row\">\n<div class=\"et_pb_column_0 et_pb_column et-last-child et_flex_column et_pb_css_mix_blend_mode_passthrough et_flex_column_24_24 et_flex_column_24_24_tablet et_flex_column_24_24_phone\">\n<div class=\"et_pb_text_0 et_pb_text et_pb_bg_layout_light et_pb_module et_flex_module\"><div class=\"et_pb_text_inner\"><h1><span style=\"color: rgba(255, 255, 255, 0.8);\">Let's make a good society even better.<\/span> Full steam ahead!<\/h1>\n<\/div><\/div>\n<\/div>\n<\/div>\n<\/div>\n\n<div class=\"et_pb_section_1 et_pb_section et_section_regular et_flex_section\">\n<div class=\"et_pb_row_1 et_pb_row et_flex_row\">\n<div class=\"et_pb_column_1 et_pb_column et-last-child et_flex_column et_pb_css_mix_blend_mode_passthrough et_flex_column_24_24 et_flex_column_24_24_tablet et_flex_column_24_24_phone\">\n<div class=\"et_pb_text_1 et_pb_text et_pb_bg_layout_light et_pb_module et_flex_module\"><div class=\"et_pb_text_inner\"><h2>We wanna hear from you!<\/h2>\n<\/div><\/div>\n<\/div>\n<\/div>\n<\/div>\n\n<div class=\"et_pb_section_2 et_pb_section et_section_regular et_flex_section\">\n<div class=\"et_pb_row_2 et_pb_row et_flex_row\">\n<div class=\"et_pb_column_2 et_pb_column et-last-child et_flex_column et_pb_css_mix_blend_mode_passthrough et_flex_column_24_24 et_flex_column_24_24_tablet et_flex_column_24_24_phone\">\n<div class=\"et_pb_text_2 et_pb_text et_pb_bg_layout_light et_pb_module et_flex_module\"><div class=\"et_pb_text_inner\"><h2>Candidates<\/h2>\n<\/div><\/div>\n<\/div>\n<\/div>\n\n<div class=\"et_pb_row_3 et_pb_row et_flex_row et_clickable\">\n<div class=\"et_pb_column_3 et_pb_column et-last-child et_flex_column et_pb_css_mix_blend_mode_passthrough et_flex_column_24_24 et_flex_column_24_24_tablet\">\n<div class=\"et_pb_image_0 et_pb_image et_pb_image_sticky et_pb_module et_flex_module\"><span class=\"et_pb_image_wrap\"><img loading=\"lazy\" decoding=\"async\" src=\"http:\/\/xdfjb.is\/wp-content\/uploads\/2026\/04\/listinn-mobile-1.png\" title=\"listinn-mobile\" width=\"1800\" height=\"1008\" srcset=\"http:\/\/xdfjb.is\/wp-content\/uploads\/2026\/04\/listinn-mobile-1.png 1800w, http:\/\/xdfjb.is\/wp-content\/uploads\/2026\/04\/listinn-mobile-1-1280x717.png 1280w, http:\/\/xdfjb.is\/wp-content\/uploads\/2026\/04\/listinn-mobile-1-980x549.png 980w, http:\/\/xdfjb.is\/wp-content\/uploads\/2026\/04\/listinn-mobile-1-480x269.png 480w\" sizes=\"(min-width: 0px) and (max-width: 480px) 480px, (min-width: 481px) and (max-width: 980px) 980px, (min-width: 981px) and (max-width: 1280px) 1280px, (min-width: 1281px) 1800px, 100vw\" class=\"wp-image-1714\" \/><\/span><\/div>\n\n<div class=\"et_pb_module et_pb_button_module_wrapper et_pb_button_0_wrapper\"><a class=\"et_pb_button_0 et_pb_button et_pb_bg_layout_light et_animated et_pb_module et_flex_module\" href=\"https:\/\/xdfjb.is\/en\/folkid\/\">See the candidates<\/a><\/div>\n<\/div>\n<\/div>\n<\/div>\n\n<div class=\"et_pb_section_3 et_pb_section et_section_regular et_flex_section\"><div class=\"et_pb_row_4 et_pb_row et_flex_row\">\n<div class=\"et_pb_column_4 et_pb_column et-last-child et_flex_column et_pb_css_mix_blend_mode_passthrough et_flex_column_24_24 et_flex_column_24_24_tablet et_flex_column_24_24_phone\">\n<div class=\"et_pb_text_3 et_pb_text et_pb_bg_layout_light et_pb_module et_flex_module\"><div class=\"et_pb_text_inner\"><h2>Articles and News<\/h2>\n<\/div><\/div>\n<\/div>\n<\/div><div class=\"et_pb_row_5 et_pb_row et_flex_row et_animated et_clickable\" data-loop-item=\"0\">\n<div class=\"et_pb_column_5 et_pb_column et-last-child et_flex_column et_pb_css_mix_blend_mode_passthrough et_flex_column_24_24 et_flex_column_24_24_tablet et_flex_column_24_24_phone\">\n<div class=\"et_pb_group_0 et_pb_group et_pb_module et_flex_group et_pb_css_mix_blend_mode_passthrough\">\n<div class=\"et_pb_text_4 et_pb_text et_pb_bg_layout_light et_animated et_pb_module et_flex_module\"><div class=\"et_pb_text_inner\"><p>8. April<\/p>\n<\/div><\/div>\n\n<div class=\"et_pb_text_5 et_pb_text et_pb_bg_layout_light et_animated et_pb_module et_flex_module\"><div class=\"et_pb_text_inner\"><p>Diddi<\/p>\n<\/div><\/div>\n<\/div>\n\n<div class=\"et_pb_heading_0 et_pb_heading et_animated et_pb_module et_flex_module\"><div class=\"et_pb_heading_container\"><h2 class=\"et_pb_module_header\">Vil leggja mitt af m\u00f6rkum fyrir Fjar\u00f0abygg\u00f0<\/h2><\/div><\/div>\n<\/div>\n<\/div><div class=\"et_pb_row_6 et_pb_row et_flex_row et_animated et_clickable\" data-loop-item=\"1\">\n<div class=\"et_pb_column_6 et_pb_column et-last-child et_flex_column et_pb_css_mix_blend_mode_passthrough et_flex_column_24_24 et_flex_column_24_24_tablet et_flex_column_24_24_phone\">\n<div class=\"et_pb_group_1 et_pb_group et_pb_module et_flex_group et_pb_css_mix_blend_mode_passthrough\">\n<div class=\"et_pb_text_6 et_pb_text et_pb_bg_layout_light et_animated et_pb_module et_flex_module\"><div class=\"et_pb_text_inner\"><p>1. April<\/p>\n<\/div><\/div>\n\n<div class=\"et_pb_text_7 et_pb_text et_pb_bg_layout_light et_animated et_pb_module et_flex_module\"><div class=\"et_pb_text_inner\"><p>Raggi<\/p>\n<\/div><\/div>\n<\/div>\n\n<div class=\"et_pb_heading_1 et_pb_heading et_animated et_pb_module et_flex_module\"><div class=\"et_pb_heading_container\"><h2 class=\"et_pb_module_header\">Fj\u00e1r\u00adfestum \u00ed ver\u00f0\u00adm\u00e6ta\u00adsk\u00f6pun<\/h2><\/div><\/div>\n<\/div>\n<\/div><div class=\"et_pb_row_7 et_pb_row et_flex_row et_animated et_clickable\" data-loop-item=\"2\">\n<div class=\"et_pb_column_7 et_pb_column et-last-child et_flex_column et_pb_css_mix_blend_mode_passthrough et_flex_column_24_24 et_flex_column_24_24_tablet et_flex_column_24_24_phone\">\n<div class=\"et_pb_group_2 et_pb_group et_pb_module et_flex_group et_pb_css_mix_blend_mode_passthrough\">\n<div class=\"et_pb_text_8 et_pb_text et_pb_bg_layout_light et_animated et_pb_module et_flex_module\"><div class=\"et_pb_text_inner\"><p>10. March<\/p>\n<\/div><\/div>\n\n<div class=\"et_pb_text_9 et_pb_text et_pb_bg_layout_light et_animated et_pb_module et_flex_module\"><div class=\"et_pb_text_inner\"><p>Ingunn<\/p>\n<\/div><\/div>\n<\/div>\n\n<div class=\"et_pb_heading_2 et_pb_heading et_animated et_pb_module et_flex_module\"><div class=\"et_pb_heading_container\"><h2 class=\"et_pb_module_header\">Me\u00f0 atvinnu\u00adupp\u00adbyggingu og \u00e1byrgri fj\u00e1rm\u00e1la\u00adstj\u00f3rn eflum vi\u00f0 inn\u00advi\u00f0i til fram\u00adt\u00ed\u00f0ar<\/h2><\/div><\/div>\n<\/div>\n<\/div><div class=\"et_pb_row_8 et_pb_row et_flex_row\">\n<div class=\"et_pb_column_8 et_pb_column et-last-child et_flex_column et_pb_css_mix_blend_mode_passthrough et_flex_column_24_24 et_flex_column_24_24_tablet et_flex_column_24_24_phone\">\n<div class=\"et_pb_module et_pb_button_module_wrapper et_pb_button_1_wrapper\"><a class=\"et_pb_button_1 et_pb_button et_pb_bg_layout_light et_animated et_pb_module et_flex_module\" href=\"https:\/\/xdfjb.is\/en\/greinar\/\">All articles<\/a><\/div>\n<\/div>\n<\/div><\/div>\n\n<span class=\"et_bloom_bottom_trigger\"><\/span>","protected":false},"excerpt":{"rendered":"","protected":false},"author":12,"featured_media":0,"parent":0,"menu_order":0,"comment_status":"closed","ping_status":"closed","template":"","meta":{"inline_featured_image":false,"footnotes":""},"class_list":["post-13","page","type-page","status-publish","hentry"],"_links":{"self":[{"href":"https:\/\/xdfjb.is\/en\/wp-json\/wp\/v2\/pages\/13","targetHints":{"allow":["GET"]}}],"collection":[{"href":"https:\/\/xdfjb.is\/en\/wp-json\/wp\/v2\/pages"}],"about":[{"href":"https:\/\/xdfjb.is\/en\/wp-json\/wp\/v2\/types\/page"}],"author":[{"embeddable":true,"href":"https:\/\/xdfjb.is\/en\/wp-json\/wp\/v2\/users\/12"}],"replies":[{"embeddable":true,"href":"https:\/\/xdfjb.is\/en\/wp-json\/wp\/v2\/comments?post=13"}],"version-history":[{"count":308,"href":"https:\/\/xdfjb.is\/en\/wp-json\/wp\/v2\/pages\/13\/revisions"}],"predecessor-version":[{"id":2169,"href":"https:\/\/xdfjb.is\/en\/wp-json\/wp\/v2\/pages\/13\/revisions\/2169"}],"wp:attachment":[{"href":"https:\/\/xdfjb.is\/en\/wp-json\/wp\/v2\/media?parent=13"}],"curies":[{"name":"wp","href":"https:\/\/api.w.org\/{rel}","templated":true}]}}